{"id":128,"date":"2025-01-07T12:27:00","date_gmt":"2025-01-07T12:27:00","guid":{"rendered":"https:\/\/mpacanaryislands.org\/?page_id=128"},"modified":"2025-10-07T09:28:46","modified_gmt":"2025-10-07T08:28:46","slug":"proyecto","status":"publish","type":"page","link":"https:\/\/mpacanaryislands.org\/?page_id=128","title":{"rendered":"Proyecto"},"content":{"rendered":"<p>[et_pb_section fb_built=\u00bb1&#8243; _builder_version=\u00bb4.27.4&#8243; _module_preset=\u00bb7da76aee-15fa-4254-97a7-66d9d204a900&#8243; da_disable_devices=\u00bboff|off|off\u00bb global_colors_info=\u00bb{}\u00bb da_is_popup=\u00bboff\u00bb da_exit_intent=\u00bboff\u00bb da_has_close=\u00bbon\u00bb da_alt_close=\u00bboff\u00bb da_dark_close=\u00bboff\u00bb da_not_modal=\u00bbon\u00bb da_is_singular=\u00bboff\u00bb da_with_loader=\u00bboff\u00bb da_has_shadow=\u00bbon\u00bb][et_pb_row _builder_version=\u00bb4.27.4&#8243; _module_preset=\u00bbdefault\u00bb global_colors_info=\u00bb{}\u00bb][et_pb_column type=\u00bb4_4&#8243; _builder_version=\u00bb4.27.4&#8243; _module_preset=\u00bbdefault\u00bb global_colors_info=\u00bb{}\u00bb][et_pb_heading title=\u00bb@ET-DC@eyJkeW5hbWljIjp0cnVlLCJjb250ZW50IjoicG9zdF90aXRsZSIsInNldHRpbmdzIjp7ImJlZm9yZSI6IiIsImFmdGVyIjoiIn19@\u00bb _builder_version=\u00bb4.27.4&#8243; _dynamic_attributes=\u00bbtitle\u00bb _module_preset=\u00bbdefault\u00bb global_colors_info=\u00bb{}\u00bb][\/et_pb_heading][et_pb_text _builder_version=\u00bb4.27.4&#8243; _module_preset=\u00bbdefault\u00bb text_orientation=\u00bbcenter\u00bb global_colors_info=\u00bb{}\u00bb]<\/p>\n<h2>Nuestra misi\u00f3n:<\/h2>\n<p style=\"font-weight: 400;\">Fortalecer las AMP existentes, crear nuevas y maximizar su impacto positivo en el entorno marino canario.<\/p>\n<p style=\"font-weight: 400;\">\u00abProtegiendo el 30% de nuestros oc\u00e9anos para 2030.\u00bb<\/p>\n<p style=\"font-weight: 400;\">\n<h2>\u00bfPor qu\u00e9 las Islas Canarias?<\/h2>\n<p style=\"font-weight: 400;\">Aguas con biodiversidad excepcional: m\u00e1s de 7,000 especies documentadas.<\/p>\n<p>Hotspot a nivel internacional y la zona con mayor biodiversidad de Europa?<\/p>\n<p style=\"font-weight: 400;\">\n<p>[\/et_pb_text][\/et_pb_column][\/et_pb_row][et_pb_row column_structure=\u00bb1_3,1_3,1_3&#8243; disabled_on=\u00bbon|on|on\u00bb _builder_version=\u00bb4.27.4&#8243; _module_preset=\u00bbdefault\u00bb disabled=\u00bbon\u00bb global_colors_info=\u00bb{}\u00bb][et_pb_column type=\u00bb1_3&#8243; _builder_version=\u00bb4.27.4&#8243; _module_preset=\u00bbdefault\u00bb global_colors_info=\u00bb{}\u00bb][et_pb_circle_counter title=\u00bb% actual de protecci\u00f3n\u00bb number=\u00bb3&#8243; _builder_version=\u00bb4.27.4&#8243; _module_preset=\u00bbdefault\u00bb global_colors_info=\u00bb{}\u00bb][\/et_pb_circle_counter][\/et_pb_column][et_pb_column type=\u00bb1_3&#8243; _builder_version=\u00bb4.27.4&#8243; _module_preset=\u00bbdefault\u00bb global_colors_info=\u00bb{}\u00bb][et_pb_circle_counter title=\u00bb% protecci\u00f3n necesario para llegar a 30&#215;30&#8243; number=\u00bb30&#8243; _builder_version=\u00bb4.27.4&#8243; _module_preset=\u00bbdefault\u00bb global_colors_info=\u00bb{}\u00bb][\/et_pb_circle_counter][\/et_pb_column][et_pb_column type=\u00bb1_3&#8243; _builder_version=\u00bb4.27.4&#8243; _module_preset=\u00bbdefault\u00bb global_colors_info=\u00bb{}\u00bb][et_pb_circle_counter title=\u00bb% de protecci\u00f3n canaria dentro del c\u00f3mputo nacional?\u00bb number=\u00bb15&#8243; _builder_version=\u00bb4.27.4&#8243; _module_preset=\u00bbdefault\u00bb global_colors_info=\u00bb{}\u00bb][\/et_pb_circle_counter][\/et_pb_column][\/et_pb_row][et_pb_row column_structure=\u00bb1_3,1_3,1_3&#8243; _builder_version=\u00bb4.27.4&#8243; _module_preset=\u00bbdefault\u00bb global_colors_info=\u00bb{}\u00bb][et_pb_column type=\u00bb1_3&#8243; _builder_version=\u00bb4.27.4&#8243; _module_preset=\u00bbdefault\u00bb global_colors_info=\u00bb{}\u00bb][et_pb_cta title=\u00bbEspecies objetivo de protecci\u00f3n a nivel general\u00bb _builder_version=\u00bb4.27.4&#8243; _module_preset=\u00bb1801e221-6aae-4e81-9b9f-51753a4b04aa\u00bb custom_margin=\u00bb|-8px||||\u00bb global_colors_info=\u00bb{}\u00bb]<\/p>\n<p style=\"font-weight: 400;\"><span>RN2000 &#8211; especies y habitats<br \/><\/span><span>RMIP &#8211; especies de inter\u00e9s <\/span><span>pesquero<\/span><\/p>\n<p>[\/et_pb_cta][\/et_pb_column][et_pb_column type=\u00bb1_3&#8243; _builder_version=\u00bb4.27.4&#8243; _module_preset=\u00bbdefault\u00bb global_colors_info=\u00bb{}\u00bb][et_pb_cta title=\u00bbPresi\u00f3n por actividades humanas y cambio clim\u00e1tico\u00bb _builder_version=\u00bb4.27.4&#8243; _module_preset=\u00bb1801e221-6aae-4e81-9b9f-51753a4b04aa\u00bb custom_margin=\u00bb|||-5px||\u00bb global_colors_info=\u00bb{}\u00bb][\/et_pb_cta][\/et_pb_column][et_pb_column type=\u00bb1_3&#8243; _builder_version=\u00bb4.27.4&#8243; _module_preset=\u00bbdefault\u00bb global_colors_info=\u00bb{}\u00bb][et_pb_cta title=\u00bbImportancia geopol\u00edtica como conexi\u00f3n entre Europa y pa\u00edses en desarrollo en el Atl\u00e1ntico Centro Oriental\u00bb _builder_version=\u00bb4.27.4&#8243; _module_preset=\u00bb1801e221-6aae-4e81-9b9f-51753a4b04aa\u00bb width=\u00bb100%\u00bb min_height=\u00bb241px\u00bb custom_margin=\u00bb||-107px|||\u00bb custom_padding=\u00bb3px|||||\u00bb global_colors_info=\u00bb{}\u00bb][\/et_pb_cta][\/et_pb_column][\/et_pb_row][et_pb_row _builder_version=\u00bb4.27.4&#8243; _module_preset=\u00bbdefault\u00bb global_colors_info=\u00bb{}\u00bb][et_pb_column type=\u00bb4_4&#8243; _builder_version=\u00bb4.27.4&#8243; _module_preset=\u00bbdefault\u00bb global_colors_info=\u00bb{}\u00bb][et_pb_text _builder_version=\u00bb4.27.4&#8243; _module_preset=\u00bbdefault\u00bb global_colors_info=\u00bb{}\u00bb]<\/p>\n<div class=\"et_pb_text_inner\">\n<div data-shortcode-id=\"1.0.0.1-1737451753245\" data-quickaccess-editable=\"yes\" class=\"et-fb-popover-tinymce\">\n<div class=\"mce-content-body\" contenteditable=\"true\" style=\"position: relative;\">\n<p style=\"font-weight: 400; text-align: center;\">\n<p style=\"font-weight: 400; text-align: justify;\">Las aguas de las Islas Canarias, que abarcan 48.6 millones de hect\u00e1reas, poseen una biodiversidad excepcional, con m\u00e1s de 7,000 especies documentadas, incluyendo h\u00e1bitats \u00fanicos y comunidades diversas. Sin embargo, la cobertura actual de AMPs en la regi\u00f3n es limitada, alcanzando apenas el 5.25%, y se reduce al 4% si se excluyen las Zonas de Especial Protecci\u00f3n para las Aves (ZEPA).<\/p>\n<p style=\"font-weight: 400; text-align: justify;\">Frente a este contexto, el proyecto responde a los desaf\u00edos de conservaci\u00f3n marina y gesti\u00f3n espacial en el archipi\u00e9lago, como el <span>\u00bf<\/span><span>cambio clim\u00e1tico?<\/span><span>\u00a0<\/span><span>\u00a0<\/span> y las actividades humanas. Adem\u00e1s, est\u00e1 alineado con los objetivos globales de la Uni\u00f3n Internacional para la Conservaci\u00f3n de la Naturaleza (UICN) y el Marco Global de Biodiversidad Kunming-Montreal.<\/p>\n<\/div>\n<\/div>\n<\/div>\n<div class=\"et-fb-mousetrap et-fb-mousetrap--module et-fb-mousetrap-move\" style=\"background: 0px center; pointer-events: auto; text-align: justify;\"><\/div>\n<p>[\/et_pb_text][\/et_pb_column][\/et_pb_row][\/et_pb_section]<\/p>\n","protected":false},"excerpt":{"rendered":"<p>Nuestra misi\u00f3n: Fortalecer las AMP existentes, crear nuevas y maximizar su impacto positivo en el entorno marino canario. \u00abProtegiendo el 30% de nuestros oc\u00e9anos para 2030.\u00bb \u00bfPor qu\u00e9 las Islas Canarias? Aguas con biodiversidad excepcional: m\u00e1s de 7,000 especies documentadas. Hotspot a nivel internacional y la zona con mayor biodiversidad de Europa? RN2000 &#8211; especies [&hellip;]<\/p>\n","protected":false},"author":1,"featured_media":216,"parent":0,"menu_order":0,"comment_status":"closed","ping_status":"closed","template":"","meta":{"_et_pb_use_builder":"on","_et_pb_old_content":"","_et_gb_content_width":"","footnotes":""},"class_list":["post-128","page","type-page","status-publish","has-post-thumbnail","hentry"],"_links":{"self":[{"href":"https:\/\/mpacanaryislands.org\/index.php?rest_route=\/wp\/v2\/pages\/128","targetHints":{"allow":["GET"]}}],"collection":[{"href":"https:\/\/mpacanaryislands.org\/index.php?rest_route=\/wp\/v2\/pages"}],"about":[{"href":"https:\/\/mpacanaryislands.org\/index.php?rest_route=\/wp\/v2\/types\/page"}],"author":[{"embeddable":true,"href":"https:\/\/mpacanaryislands.org\/index.php?rest_route=\/wp\/v2\/users\/1"}],"replies":[{"embeddable":true,"href":"https:\/\/mpacanaryislands.org\/index.php?rest_route=%2Fwp%2Fv2%2Fcomments&post=128"}],"version-history":[{"count":10,"href":"https:\/\/mpacanaryislands.org\/index.php?rest_route=\/wp\/v2\/pages\/128\/revisions"}],"predecessor-version":[{"id":1482,"href":"https:\/\/mpacanaryislands.org\/index.php?rest_route=\/wp\/v2\/pages\/128\/revisions\/1482"}],"wp:featuredmedia":[{"embeddable":true,"href":"https:\/\/mpacanaryislands.org\/index.php?rest_route=\/wp\/v2\/media\/216"}],"wp:attachment":[{"href":"https:\/\/mpacanaryislands.org\/index.php?rest_route=%2Fwp%2Fv2%2Fmedia&parent=128"}],"curies":[{"name":"wp","href":"https:\/\/api.w.org\/{rel}","templated":true}]}}