{"id":134,"date":"2025-01-07T12:28:11","date_gmt":"2025-01-07T12:28:11","guid":{"rendered":"https:\/\/mpacanaryislands.org\/?page_id=134"},"modified":"2025-01-22T20:37:35","modified_gmt":"2025-01-22T20:37:35","slug":"financiacion","status":"publish","type":"page","link":"https:\/\/mpacanaryislands.org\/?page_id=134","title":{"rendered":"Financiaci\u00f3n"},"content":{"rendered":"<p>[et_pb_section fb_built=\u00bb1&#8243; _builder_version=\u00bb4.27.4&#8243; _module_preset=\u00bbdefault\u00bb custom_padding=\u00bb|||0px||\u00bb global_colors_info=\u00bb{}\u00bb][et_pb_row _builder_version=\u00bb4.27.4&#8243; _module_preset=\u00bbdefault\u00bb global_colors_info=\u00bb{}\u00bb][et_pb_column type=\u00bb4_4&#8243; _builder_version=\u00bb4.27.4&#8243; _module_preset=\u00bbdefault\u00bb global_colors_info=\u00bb{}\u00bb][et_pb_heading title=\u00bb@ET-DC@eyJkeW5hbWljIjp0cnVlLCJjb250ZW50IjoicG9zdF90aXRsZSIsInNldHRpbmdzIjp7ImJlZm9yZSI6IiIsImFmdGVyIjoiIn19@\u00bb _builder_version=\u00bb4.27.4&#8243; _dynamic_attributes=\u00bbtitle\u00bb _module_preset=\u00bbdefault\u00bb global_colors_info=\u00bb{}\u00bb][\/et_pb_heading][et_pb_image src=\u00bbhttps:\/\/mpacanaryislands.org\/wp-content\/uploads\/2025\/01\/Oceans5-1.webp\u00bb title_text=\u00bbOceans5&#8243; align=\u00bbcenter\u00bb _builder_version=\u00bb4.27.4&#8243; _module_preset=\u00bbdefault\u00bb global_colors_info=\u00bb{}\u00bb][\/et_pb_image][et_pb_text _builder_version=\u00bb4.27.4&#8243; _module_preset=\u00bbdefault\u00bb hover_enabled=\u00bb0&#8243; global_colors_info=\u00bb{}\u00bb sticky_enabled=\u00bb0&#8243;]<\/p>\n<p style=\"text-align: center;\">Dedicado a la protecci\u00f3n de los cinco oc\u00e9anos del mundo, Oceans 5 es una colaboraci\u00f3n internacional de financiadores que trabaja para abordar tres prioridades clave identificadas por la comunidad cient\u00edfica marina global: detener la sobrepesca, establecer \u00e1reas marinas protegidas y limitar el desarrollo de la explotaci\u00f3n de petr\u00f3leo y gas en alta mar.<\/p>\n<p style=\"text-align: center;\">Para m\u00e1s informaci\u00f3n visita:<\/p>\n<p style=\"text-align: center;\"><a href=\"https:\/\/www.oceans5.org\/\" target=\"_blank\" rel=\"noopener\" title=\"oceans5\">https:\/\/www.oceans5.org\/<\/a><\/p>\n<p>[\/et_pb_text][\/et_pb_column][\/et_pb_row][\/et_pb_section]<\/p>\n","protected":false},"excerpt":{"rendered":"<p>Dedicado a la protecci\u00f3n de los cinco oc\u00e9anos del mundo, Oceans 5 es una colaboraci\u00f3n internacional de financiadores que trabaja para abordar tres prioridades clave identificadas por la comunidad cient\u00edfica marina global: detener la sobrepesca, establecer \u00e1reas marinas protegidas y limitar el desarrollo de la explotaci\u00f3n de petr\u00f3leo y gas en alta mar. Para m\u00e1s [&hellip;]<\/p>\n","protected":false},"author":1,"featured_media":245,"parent":128,"menu_order":0,"comment_status":"closed","ping_status":"closed","template":"","meta":{"_et_pb_use_builder":"on","_et_pb_old_content":"<!-- wp:divi\/placeholder \/-->","_et_gb_content_width":"","footnotes":""},"class_list":["post-134","page","type-page","status-publish","has-post-thumbnail","hentry"],"_links":{"self":[{"href":"https:\/\/mpacanaryislands.org\/index.php?rest_route=\/wp\/v2\/pages\/134","targetHints":{"allow":["GET"]}}],"collection":[{"href":"https:\/\/mpacanaryislands.org\/index.php?rest_route=\/wp\/v2\/pages"}],"about":[{"href":"https:\/\/mpacanaryislands.org\/index.php?rest_route=\/wp\/v2\/types\/page"}],"author":[{"embeddable":true,"href":"https:\/\/mpacanaryislands.org\/index.php?rest_route=\/wp\/v2\/users\/1"}],"replies":[{"embeddable":true,"href":"https:\/\/mpacanaryislands.org\/index.php?rest_route=%2Fwp%2Fv2%2Fcomments&post=134"}],"version-history":[{"count":8,"href":"https:\/\/mpacanaryislands.org\/index.php?rest_route=\/wp\/v2\/pages\/134\/revisions"}],"predecessor-version":[{"id":376,"href":"https:\/\/mpacanaryislands.org\/index.php?rest_route=\/wp\/v2\/pages\/134\/revisions\/376"}],"up":[{"embeddable":true,"href":"https:\/\/mpacanaryislands.org\/index.php?rest_route=\/wp\/v2\/pages\/128"}],"wp:featuredmedia":[{"embeddable":true,"href":"https:\/\/mpacanaryislands.org\/index.php?rest_route=\/wp\/v2\/media\/245"}],"wp:attachment":[{"href":"https:\/\/mpacanaryislands.org\/index.php?rest_route=%2Fwp%2Fv2%2Fmedia&parent=134"}],"curies":[{"name":"wp","href":"https:\/\/api.w.org\/{rel}","templated":true}]}}