{"id":136,"date":"2025-01-07T12:29:56","date_gmt":"2025-01-07T12:29:56","guid":{"rendered":"https:\/\/mpacanaryislands.org\/?page_id=136"},"modified":"2025-02-14T16:44:42","modified_gmt":"2025-02-14T16:44:42","slug":"objetivos","status":"publish","type":"page","link":"https:\/\/mpacanaryislands.org\/?page_id=136","title":{"rendered":"Objetivos"},"content":{"rendered":"<p>[et_pb_section fb_built=\u00bb1&#8243; _builder_version=\u00bb4.27.4&#8243; _module_preset=\u00bb7da76aee-15fa-4254-97a7-66d9d204a900&#8243; global_colors_info=\u00bb{}\u00bb][et_pb_row _builder_version=\u00bb4.27.4&#8243; _module_preset=\u00bbdefault\u00bb global_colors_info=\u00bb{}\u00bb][et_pb_column type=\u00bb4_4&#8243; _builder_version=\u00bb4.27.4&#8243; _module_preset=\u00bbdefault\u00bb global_colors_info=\u00bb{}\u00bb][et_pb_heading title=\u00bb@ET-DC@eyJkeW5hbWljIjp0cnVlLCJjb250ZW50IjoicG9zdF90aXRsZSIsInNldHRpbmdzIjp7ImJlZm9yZSI6IiIsImFmdGVyIjoiIn19@\u00bb _builder_version=\u00bb4.27.4&#8243; _dynamic_attributes=\u00bbtitle\u00bb _module_preset=\u00bbdefault\u00bb global_colors_info=\u00bb{}\u00bb][\/et_pb_heading][et_pb_text quote_border_weight=\u00bb0px\u00bb _builder_version=\u00bb4.27.4&#8243; _module_preset=\u00bbdefault\u00bb quote_text_align=\u00bbcenter\u00bb quote_text_color=\u00bb#62B6F3&#8243; quote_font_size=\u00bb20px\u00bb quote_line_height=\u00bb1.4em\u00bb header_text_align=\u00bbcenter\u00bb global_colors_info=\u00bb{}\u00bb]<\/p>\n<blockquote>\n<p><span><em>\u201cVivimos tan corto espacio de tiempo sobre este planeta que cada uno de nuestros pasos debe estar encaminado a construir m\u00e1s y m\u00e1s el espacio so\u00f1ado de la utop\u00eda. Construy\u00e1moslo conjuntamente: es la \u00fanica manera de hacerlo posible.\u201d<br \/><span style=\"color: #00497a;\"><strong>C\u00e9sar Manrique<\/strong><\/span><\/em><\/span><\/p>\n<\/blockquote>\n<p>[\/et_pb_text][\/et_pb_column][\/et_pb_row][et_pb_row column_structure=\u00bb1_4,3_4&#8243; _builder_version=\u00bb4.27.4&#8243; _module_preset=\u00bbdefault\u00bb global_colors_info=\u00bb{}\u00bb][et_pb_column type=\u00bb1_4&#8243; _builder_version=\u00bb4.27.4&#8243; _module_preset=\u00bbdefault\u00bb global_colors_info=\u00bb{}\u00bb][et_pb_image src=\u00bbhttps:\/\/mpacanaryislands.org\/wp-content\/uploads\/2025\/01\/SACHA-LOBENSTEIN-20231231-1017-9713.jpg\u00bb title_text=\u00bbSACHA-LOBENSTEIN-20231231-1017 (9713)\u00bb _builder_version=\u00bb4.27.4&#8243; _module_preset=\u00bbd6cd8e15-c2fb-4ec7-aa67-fdebe8e0a6c2&#8243; global_colors_info=\u00bb{}\u00bb][\/et_pb_image][\/et_pb_column][et_pb_column type=\u00bb3_4&#8243; _builder_version=\u00bb4.27.4&#8243; _module_preset=\u00bbdefault\u00bb global_colors_info=\u00bb{}\u00bb][et_pb_text _builder_version=\u00bb4.27.4&#8243; _module_preset=\u00bb23be96ef-d90e-454c-8755-ab4cad21159f\u00bb global_colors_info=\u00bb{}\u00bb]<\/p>\n<h2 style=\"font-weight: 400;\">Fortalecimiento de las AMP existentes:<\/h2>\n<ul>\n<li>Evaluaci\u00f3n cient\u00edfica y legal.<\/li>\n<li>Talleres participativos con actores clave.<\/li>\n<li>Creaci\u00f3n de planes de acci\u00f3n y estrategias de comunicaci\u00f3n.<\/li>\n<\/ul>\n<blockquote>\n<p style=\"font-weight: 400;\"><span>\u201cLa suma de todos los individuos es lo que realmente producir\u00e1 resultados. Cuando una amplia mayor\u00eda de la poblaci\u00f3n sea consciente de la fragilidad y equilibro del todo, seremos capaces de revertir la destrucci\u00f3n que hemos puesto en marcha.\u201d<\/span><\/p>\n<\/blockquote>\n<p>[\/et_pb_text][\/et_pb_column][\/et_pb_row][et_pb_row column_structure=\u00bb1_4,3_4&#8243; _builder_version=\u00bb4.27.4&#8243; _module_preset=\u00bbdefault\u00bb global_colors_info=\u00bb{}\u00bb][et_pb_column type=\u00bb1_4&#8243; _builder_version=\u00bb4.27.4&#8243; _module_preset=\u00bbdefault\u00bb global_colors_info=\u00bb{}\u00bb][et_pb_image src=\u00bbhttps:\/\/mpacanaryislands.org\/wp-content\/uploads\/2025\/01\/SACHA-LOBENSTEIN-20181223-1042-0094.jpg\u00bb title_text=\u00bbSACHA-LOBENSTEIN-20181223-1042 (0094)\u00bb _builder_version=\u00bb4.27.4&#8243; _module_preset=\u00bbd6cd8e15-c2fb-4ec7-aa67-fdebe8e0a6c2&#8243; global_colors_info=\u00bb{}\u00bb][\/et_pb_image][\/et_pb_column][et_pb_column type=\u00bb3_4&#8243; _builder_version=\u00bb4.27.4&#8243; _module_preset=\u00bbdefault\u00bb global_colors_info=\u00bb{}\u00bb][et_pb_text _builder_version=\u00bb4.27.4&#8243; _module_preset=\u00bb23be96ef-d90e-454c-8755-ab4cad21159f\u00bb custom_padding=\u00bb||1px|||\u00bb global_colors_info=\u00bb{}\u00bb]<\/p>\n<h2 style=\"font-weight: 400;\">Ampliaci\u00f3n de la red de AMP:<\/h2>\n<ul>\n<li>Identificaci\u00f3n de nuevas \u00e1reas de alto valor ecol\u00f3gico.<\/li>\n<li>Apoyo al establecimiento de nuevas AMP<\/li>\n<li>Mejora de la conectividad con otras \u00e1reas de la regi\u00f3n Macaron\u00e9sica.<\/li>\n<\/ul>\n<blockquote>\n<p style=\"font-weight: 400;\"><span>\u201cMi gran maestra ha sido mi continuado asombro por la observaci\u00f3n de la Naturaleza en donde nunca pude entender su gran secreto creativo. Mi asombro contin\u00faa cada vez con mayor intensidad, comprendiendo cada vez con <\/span><span><em>mayor claridad de su infinita sabidur\u00eda\u201d<\/em><\/span><\/p>\n<\/blockquote>\n<p>[\/et_pb_text][\/et_pb_column][\/et_pb_row][et_pb_row column_structure=\u00bb1_4,3_4&#8243; _builder_version=\u00bb4.27.4&#8243; _module_preset=\u00bbdefault\u00bb global_colors_info=\u00bb{}\u00bb][et_pb_column type=\u00bb1_4&#8243; _builder_version=\u00bb4.27.4&#8243; _module_preset=\u00bbdefault\u00bb global_colors_info=\u00bb{}\u00bb][et_pb_image src=\u00bbhttps:\/\/mpacanaryislands.org\/wp-content\/uploads\/2025\/01\/SACHA-LOBENSTEIN-20220821-1235-6093.jpg\u00bb title_text=\u00bbSACHA-LOBENSTEIN-20220821-1235 (6093)\u00bb _builder_version=\u00bb4.27.4&#8243; _module_preset=\u00bbd6cd8e15-c2fb-4ec7-aa67-fdebe8e0a6c2&#8243; global_colors_info=\u00bb{}\u00bb][\/et_pb_image][\/et_pb_column][et_pb_column type=\u00bb3_4&#8243; _builder_version=\u00bb4.27.4&#8243; _module_preset=\u00bbdefault\u00bb global_colors_info=\u00bb{}\u00bb][et_pb_text _builder_version=\u00bb4.27.4&#8243; _module_preset=\u00bb23be96ef-d90e-454c-8755-ab4cad21159f\u00bb global_colors_info=\u00bb{}\u00bb]<\/p>\n<h2 style=\"font-weight: 400;\">Optimizaci\u00f3n del uso m\u00faltiple de las AMP:<\/h2>\n<ul>\n<li>Promover el uso sostenible de las AMP en l\u00ednea con la Agenda 2030 de Desarrollo Sostenible.<\/li>\n<\/ul>\n<blockquote>\n<p style=\"font-weight: 400;\"><span>\u00abSe trata de vivir cara al futuro, contribuyendo a construir una alternativa limpia, inteligente, de calidad de vida. No debemos desfallecer, hay que seguir adelante, estar vigilantes y mantener viva la conciencia cr\u00edtica, pues el futuro nunca est\u00e1 conseguido, lo tenemos que hacer desde el presente. Se trata de hacer convivir la industria tur\u00edstica con la defensa del territorio y de la cultura propia. Y esa convivencia es posible, pero, sobre todo, necesaria, obligatoria para no vivir de espaldas al futuro.<\/span><span><em>\u00bb<\/em><\/span><\/p>\n<p style=\"font-weight: 400;\"><span><em><\/em><\/span><\/p>\n<p style=\"font-weight: 400;\"><span><em><\/em><\/span><\/p>\n<p style=\"font-weight: 400;\"><span><em><\/em><\/span><\/p>\n<p style=\"font-weight: 400;\"><span>\u00abNo se trata de parar el progreso, sino todo lo contrario. Pedimos que el progreso sea arm\u00f3nico. M\u00e1s cualitativo y por tanto m\u00e1s productivo a la larga\u2026\u00bb<\/span><\/p>\n<\/blockquote>\n<p>[\/et_pb_text][\/et_pb_column][\/et_pb_row][et_pb_row column_structure=\u00bb1_4,3_4&#8243; _builder_version=\u00bb4.27.4&#8243; _module_preset=\u00bbdefault\u00bb global_colors_info=\u00bb{}\u00bb][et_pb_column type=\u00bb1_4&#8243; _builder_version=\u00bb4.27.4&#8243; _module_preset=\u00bbdefault\u00bb global_colors_info=\u00bb{}\u00bb][et_pb_image src=\u00bbhttps:\/\/mpacanaryislands.org\/wp-content\/uploads\/2025\/01\/SACHA-LOBENSTEIN-20180324-1458-1562.jpg\u00bb title_text=\u00bbSACHA-LOBENSTEIN-20180324-1458 (1562)\u00bb _builder_version=\u00bb4.27.4&#8243; _module_preset=\u00bbd6cd8e15-c2fb-4ec7-aa67-fdebe8e0a6c2&#8243; hover_enabled=\u00bb0&#8243; global_colors_info=\u00bb{}\u00bb sticky_enabled=\u00bb0&#8243;][\/et_pb_image][\/et_pb_column][et_pb_column type=\u00bb3_4&#8243; _builder_version=\u00bb4.27.4&#8243; _module_preset=\u00bbdefault\u00bb global_colors_info=\u00bb{}\u00bb][et_pb_text _builder_version=\u00bb4.27.4&#8243; _module_preset=\u00bb23be96ef-d90e-454c-8755-ab4cad21159f\u00bb header_3_font=\u00bb|||on|||||\u00bb header_3_text_color=\u00bb#62B6F3&#8243; header_3_font_size=\u00bb19px\u00bb global_colors_info=\u00bb{}\u00bb]<\/p>\n<h2 style=\"font-weight: 400;\">Mostrar c\u00f3mo el proyecto contribuye<br \/>al entorno local y global<\/h2>\n<h3 style=\"font-weight: 400;\">Impacto a corto plazo:<\/h3>\n<ul>\n<li>Mejora en la gesti\u00f3n de AMP actuales.<\/li>\n<li>Aumento de la participaci\u00f3n comunitaria.<\/li>\n<\/ul>\n<h3 style=\"font-weight: 400;\">Impacto a mediano plazo:<\/h3>\n<ul>\n<li>Incremento de la cobertura de AMP.<\/li>\n<li>Fortalecimiento de la sostenibilidad econ\u00f3mica y ambiental.<\/li>\n<\/ul>\n<h3 style=\"font-weight: 400;\">Impacto a largo plazo:<\/h3>\n<ul>\n<li>Creaci\u00f3n de un modelo replicable para otras regiones del Atl\u00e1ntico Centro Oriental.<\/li>\n<li>Contribuci\u00f3n directa a los objetivos de conservaci\u00f3n marina global.<\/li>\n<\/ul>\n<blockquote><\/blockquote>\n<p>[\/et_pb_text][\/et_pb_column][\/et_pb_row][\/et_pb_section]<\/p>\n","protected":false},"excerpt":{"rendered":"<p>\u201cVivimos tan corto espacio de tiempo sobre este planeta que cada uno de nuestros pasos debe estar encaminado a construir m\u00e1s y m\u00e1s el espacio so\u00f1ado de la utop\u00eda. Construy\u00e1moslo conjuntamente: es la \u00fanica manera de hacerlo posible.\u201dC\u00e9sar Manrique Fortalecimiento de las AMP existentes: Evaluaci\u00f3n cient\u00edfica y legal. Talleres participativos con actores clave. Creaci\u00f3n de [&hellip;]<\/p>\n","protected":false},"author":1,"featured_media":224,"parent":128,"menu_order":0,"comment_status":"closed","ping_status":"closed","template":"","meta":{"_et_pb_use_builder":"on","_et_pb_old_content":"","_et_gb_content_width":"","footnotes":""},"class_list":["post-136","page","type-page","status-publish","has-post-thumbnail","hentry"],"_links":{"self":[{"href":"https:\/\/mpacanaryislands.org\/index.php?rest_route=\/wp\/v2\/pages\/136","targetHints":{"allow":["GET"]}}],"collection":[{"href":"https:\/\/mpacanaryislands.org\/index.php?rest_route=\/wp\/v2\/pages"}],"about":[{"href":"https:\/\/mpacanaryislands.org\/index.php?rest_route=\/wp\/v2\/types\/page"}],"author":[{"embeddable":true,"href":"https:\/\/mpacanaryislands.org\/index.php?rest_route=\/wp\/v2\/users\/1"}],"replies":[{"embeddable":true,"href":"https:\/\/mpacanaryislands.org\/index.php?rest_route=%2Fwp%2Fv2%2Fcomments&post=136"}],"version-history":[{"count":8,"href":"https:\/\/mpacanaryislands.org\/index.php?rest_route=\/wp\/v2\/pages\/136\/revisions"}],"predecessor-version":[{"id":452,"href":"https:\/\/mpacanaryislands.org\/index.php?rest_route=\/wp\/v2\/pages\/136\/revisions\/452"}],"up":[{"embeddable":true,"href":"https:\/\/mpacanaryislands.org\/index.php?rest_route=\/wp\/v2\/pages\/128"}],"wp:featuredmedia":[{"embeddable":true,"href":"https:\/\/mpacanaryislands.org\/index.php?rest_route=\/wp\/v2\/media\/224"}],"wp:attachment":[{"href":"https:\/\/mpacanaryislands.org\/index.php?rest_route=%2Fwp%2Fv2%2Fmedia&parent=136"}],"curies":[{"name":"wp","href":"https:\/\/api.w.org\/{rel}","templated":true}]}}