{"id":142,"date":"2025-01-07T12:33:21","date_gmt":"2025-01-07T12:33:21","guid":{"rendered":"https:\/\/mpacanaryislands.org\/?page_id=142"},"modified":"2026-04-15T12:00:24","modified_gmt":"2026-04-15T11:00:24","slug":"recursos","status":"publish","type":"page","link":"https:\/\/mpacanaryislands.org\/?page_id=142","title":{"rendered":"Recursos"},"content":{"rendered":"<p>[et_pb_section fb_built=\u00bb1&#8243; _builder_version=\u00bb4.27.4&#8243; _module_preset=\u00bb7da76aee-15fa-4254-97a7-66d9d204a900&#8243; da_disable_devices=\u00bboff|off|off\u00bb global_colors_info=\u00bb{}\u00bb da_is_popup=\u00bboff\u00bb da_exit_intent=\u00bboff\u00bb da_has_close=\u00bbon\u00bb da_alt_close=\u00bboff\u00bb da_dark_close=\u00bboff\u00bb da_not_modal=\u00bbon\u00bb da_is_singular=\u00bboff\u00bb da_with_loader=\u00bboff\u00bb da_has_shadow=\u00bbon\u00bb][et_pb_row _builder_version=\u00bb4.27.4&#8243; _module_preset=\u00bbdefault\u00bb global_colors_info=\u00bb{}\u00bb][et_pb_column type=\u00bb4_4&#8243; _builder_version=\u00bb4.27.4&#8243; _module_preset=\u00bbdefault\u00bb global_colors_info=\u00bb{}\u00bb][et_pb_heading title=\u00bb@ET-DC@eyJkeW5hbWljIjp0cnVlLCJjb250ZW50IjoicG9zdF90aXRsZSIsInNldHRpbmdzIjp7ImJlZm9yZSI6IiIsImFmdGVyIjoiIn19@\u00bb _builder_version=\u00bb4.27.4&#8243; _dynamic_attributes=\u00bbtitle\u00bb _module_preset=\u00bbdefault\u00bb global_colors_info=\u00bb{}\u00bb][\/et_pb_heading][\/et_pb_column][\/et_pb_row][et_pb_row column_structure=\u00bb2_5,3_5&#8243; _builder_version=\u00bb4.27.4&#8243; _module_preset=\u00bbdefault\u00bb custom_margin=\u00bb|auto|5px|auto||\u00bb global_colors_info=\u00bb{}\u00bb][et_pb_column type=\u00bb2_5&#8243; _builder_version=\u00bb4.27.4&#8243; _module_preset=\u00bbdefault\u00bb global_colors_info=\u00bb{}\u00bb][et_pb_image src=\u00bbhttps:\/\/mpacanaryislands.org\/wp-content\/uploads\/2024\/12\/MPAs-Apilada-Color.png\u00bb title_text=\u00bbMPAs &#8211; Apilada Color\u00bb _builder_version=\u00bb4.27.4&#8243; _module_preset=\u00bbdefault\u00bb global_colors_info=\u00bb{}\u00bb][\/et_pb_image][\/et_pb_column][et_pb_column type=\u00bb3_5&#8243; _builder_version=\u00bb4.27.4&#8243; _module_preset=\u00bbdefault\u00bb global_colors_info=\u00bb{}\u00bb][et_pb_text _builder_version=\u00bb4.27.6&#8243; _module_preset=\u00bbdefault\u00bb global_colors_info=\u00bb{}\u00bb]<\/p>\n<p data-start=\"0\" data-end=\"42\"><strong data-start=\"0\" data-end=\"40\">Materiales Informativos Descargables<\/strong><\/p>\n<p data-start=\"44\" data-end=\"157\">En esta secci\u00f3n, encontrar\u00e1s diversos recursos para conocer m\u00e1s sobre nuestro trabajo y la conservaci\u00f3n marina.<\/p>\n<h3 data-start=\"159\" data-end=\"194\"><strong data-start=\"163\" data-end=\"192\">Informes y Publicaciones:<\/strong><\/h3>\n<ul data-start=\"195\" data-end=\"384\">\n<li data-start=\"195\" data-end=\"223\"><strong data-start=\"197\" data-end=\"221\">Resumen del proyecto<\/strong><\/li>\n<li data-start=\"224\" data-end=\"246\"><strong data-start=\"226\" data-end=\"244\">Plan de Acci\u00f3n<\/strong><\/li>\n<li data-start=\"247\" data-end=\"323\"><strong data-start=\"249\" data-end=\"321\">An\u00e1lisis e informes sobre \u00c1reas Marinas Protegidas (AMP) en Canarias<\/strong>\n<ul data-start=\"195\" data-end=\"384\">\n<li data-start=\"247\" data-end=\"323\"><a href=\"https:\/\/mpacanaryislands.org\/wp-content\/uploads\/2026\/04\/Estado-MPAs-en-Canarias-2026-01-WEB.pdf\">Estado de las \u00e1reas marinas protegidas en Canarias<\/a><\/li>\n<li data-start=\"247\" data-end=\"323\"><a href=\"https:\/\/mpacanaryislands.org\/wp-content\/uploads\/2026\/03\/RESUMEN-Estado-MPAs-en-Canarias-WEB.pdf\">Resumen ejecutivo del informe de las MPAs de Canarias<\/a><\/li>\n<li><a href=\"https:\/\/mpacanaryislands.org\/wp-content\/uploads\/2026\/04\/Estado-MPAs-en-Canarias-2026-01-Executive-summary-ENG-WEB.pdf\">The status of Marine Protected Areas in the Canary Islands (Executive summary)<\/a><\/li>\n<\/ul>\n<\/li>\n<li data-start=\"247\" data-end=\"323\"><strong data-start=\"326\" data-end=\"355\" style=\"font-size: 16px;\">D\u00edptico\/Flyer informativo<\/strong><\/li>\n<li data-start=\"358\" data-end=\"384\"><strong data-start=\"360\" data-end=\"382\">Material educativo<\/strong><\/li>\n<\/ul>\n<p>[\/et_pb_text][\/et_pb_column][\/et_pb_row][\/et_pb_section]<\/p>\n","protected":false},"excerpt":{"rendered":"<p>Materiales Informativos Descargables En esta secci\u00f3n, encontrar\u00e1s diversos recursos para conocer m\u00e1s sobre nuestro trabajo y la conservaci\u00f3n marina. Informes y Publicaciones: Resumen del proyecto Plan de Acci\u00f3n An\u00e1lisis e informes sobre \u00c1reas Marinas Protegidas (AMP) en Canarias Estado de las \u00e1reas marinas protegidas en Canarias Resumen ejecutivo del informe de las MPAs de Canarias [&hellip;]<\/p>\n","protected":false},"author":1,"featured_media":232,"parent":0,"menu_order":0,"comment_status":"closed","ping_status":"closed","template":"","meta":{"_et_pb_use_builder":"on","_et_pb_old_content":"","_et_gb_content_width":"","footnotes":""},"class_list":["post-142","page","type-page","status-publish","has-post-thumbnail","hentry"],"_links":{"self":[{"href":"https:\/\/mpacanaryislands.org\/index.php?rest_route=\/wp\/v2\/pages\/142","targetHints":{"allow":["GET"]}}],"collection":[{"href":"https:\/\/mpacanaryislands.org\/index.php?rest_route=\/wp\/v2\/pages"}],"about":[{"href":"https:\/\/mpacanaryislands.org\/index.php?rest_route=\/wp\/v2\/types\/page"}],"author":[{"embeddable":true,"href":"https:\/\/mpacanaryislands.org\/index.php?rest_route=\/wp\/v2\/users\/1"}],"replies":[{"embeddable":true,"href":"https:\/\/mpacanaryislands.org\/index.php?rest_route=%2Fwp%2Fv2%2Fcomments&post=142"}],"version-history":[{"count":19,"href":"https:\/\/mpacanaryislands.org\/index.php?rest_route=\/wp\/v2\/pages\/142\/revisions"}],"predecessor-version":[{"id":1703,"href":"https:\/\/mpacanaryislands.org\/index.php?rest_route=\/wp\/v2\/pages\/142\/revisions\/1703"}],"wp:featuredmedia":[{"embeddable":true,"href":"https:\/\/mpacanaryislands.org\/index.php?rest_route=\/wp\/v2\/media\/232"}],"wp:attachment":[{"href":"https:\/\/mpacanaryislands.org\/index.php?rest_route=%2Fwp%2Fv2%2Fmedia&parent=142"}],"curies":[{"name":"wp","href":"https:\/\/api.w.org\/{rel}","templated":true}]}}