{"id":254,"date":"2025-01-21T07:25:24","date_gmt":"2025-01-21T07:25:24","guid":{"rendered":"https:\/\/mpacanaryislands.org\/?page_id=254"},"modified":"2026-03-04T14:44:10","modified_gmt":"2026-03-04T14:44:10","slug":"equipo-2","status":"publish","type":"page","link":"https:\/\/mpacanaryislands.org\/?page_id=254","title":{"rendered":"Equipo"},"content":{"rendered":"<p>[et_pb_section fb_built=\u00bb1&#8243; _builder_version=\u00bb4.27.4&#8243; _module_preset=\u00bb7da76aee-15fa-4254-97a7-66d9d204a900&#8243; da_disable_devices=\u00bboff|off|off\u00bb global_colors_info=\u00bb{}\u00bb da_is_popup=\u00bboff\u00bb da_exit_intent=\u00bboff\u00bb da_has_close=\u00bbon\u00bb da_alt_close=\u00bboff\u00bb da_dark_close=\u00bboff\u00bb da_not_modal=\u00bbon\u00bb da_is_singular=\u00bboff\u00bb da_with_loader=\u00bboff\u00bb da_has_shadow=\u00bbon\u00bb][et_pb_row _builder_version=\u00bb4.27.4&#8243; _module_preset=\u00bbdefault\u00bb global_colors_info=\u00bb{}\u00bb][et_pb_column type=\u00bb4_4&#8243; _builder_version=\u00bb4.27.4&#8243; _module_preset=\u00bbdefault\u00bb global_colors_info=\u00bb{}\u00bb][et_pb_heading title=\u00bbEquipo\u00bb _builder_version=\u00bb4.27.4&#8243; _module_preset=\u00bbdefault\u00bb custom_margin=\u00bb|-0.4%||20%|false|false\u00bb custom_padding=\u00bb|||0px|false|false\u00bb global_colors_info=\u00bb{}\u00bb][\/et_pb_heading][\/et_pb_column][\/et_pb_row][et_pb_row column_structure=\u00bb2_5,3_5&#8243; _builder_version=\u00bb4.27.4&#8243; _module_preset=\u00bbdefault\u00bb global_colors_info=\u00bb{}\u00bb][et_pb_column type=\u00bb2_5&#8243; _builder_version=\u00bb4.27.4&#8243; _module_preset=\u00bbdefault\u00bb global_colors_info=\u00bb{}\u00bb][et_pb_text _builder_version=\u00bb4.27.4&#8243; _module_preset=\u00bbdefault\u00bb text_text_color=\u00bb#62B6F3&#8243; header_3_text_color=\u00bb#62B6F3&#8243; text_orientation=\u00bbright\u00bb global_colors_info=\u00bb{}\u00bb]<\/p>\n<h2>Octavio Llin\u00e1s<\/h2>\n<h3><em>Coordinador General<\/em><\/h3>\n<h3><em><\/em><\/h3>\n<p>[\/et_pb_text][\/et_pb_column][et_pb_column type=\u00bb3_5&#8243; _builder_version=\u00bb4.27.4&#8243; _module_preset=\u00bbdefault\u00bb global_colors_info=\u00bb{}\u00bb][et_pb_text _builder_version=\u00bb4.27.4&#8243; _module_preset=\u00bbdefault\u00bb global_colors_info=\u00bb{}\u00bb]<\/p>\n<p style=\"text-align: justify;\"><span>Doctor en Ciencias, con amplia experiencia en investigaci\u00f3n de la circulaci\u00f3n oce\u00e1nica, en formaci\u00f3n y sensibilizaci\u00f3n ambiental marina, acad\u00e9mica y general, en compatibilizaci\u00f3n sostenible de usos tradicionales y emergentes, en el medio marino y gesti\u00f3n de estrategias, instituciones y proyectos cient\u00edfico-t\u00e9cnicos en entornos p\u00fablicos y privados, nacionales e internacionales<\/span><\/p>\n<p>[\/et_pb_text][\/et_pb_column][\/et_pb_row][et_pb_row column_structure=\u00bb2_5,3_5&#8243; _builder_version=\u00bb4.27.4&#8243; _module_preset=\u00bbdefault\u00bb global_colors_info=\u00bb{}\u00bb][et_pb_column type=\u00bb2_5&#8243; _builder_version=\u00bb4.27.4&#8243; _module_preset=\u00bbdefault\u00bb global_colors_info=\u00bb{}\u00bb][et_pb_text _builder_version=\u00bb4.27.4&#8243; _module_preset=\u00bbdefault\u00bb text_text_color=\u00bb#62B6F3&#8243; header_3_text_color=\u00bb#62B6F3&#8243; text_orientation=\u00bbright\u00bb global_colors_info=\u00bb{}\u00bb]<\/p>\n<h2>Vicente Marrero<\/h2>\n<h3><em>Head of Advisory Board<\/em><\/h3>\n<p>[\/et_pb_text][\/et_pb_column][et_pb_column type=\u00bb3_5&#8243; _builder_version=\u00bb4.27.4&#8243; _module_preset=\u00bbdefault\u00bb global_colors_info=\u00bb{}\u00bb][et_pb_text _builder_version=\u00bb4.27.4&#8243; _module_preset=\u00bbdefault\u00bb global_colors_info=\u00bb{}\u00bb]<\/p>\n<p style=\"text-align: justify;\"><span>Profesional del derecho laboral con una trayectoria de m\u00e1s de tres d\u00e9cadas en procesos de reconversi\u00f3n industrial y privatizaci\u00f3n de empresas p\u00fablicas como alto ejecutivo en los sectores naval y a\u00e9reo. Especializado en Recursos Humanos, Seguridad Industrial, Gesti\u00f3n de la Calidad, Prevenci\u00f3n de Riesgos Laborales y Medio Ambiente, ha trabajado integrando normativas internacionales, incluyendo los est\u00e1ndares ISO. Actualmente, es CEO de la empresa Taliarte Lighthouse y ocupa los cargos de Vicepresidente de la Asociaci\u00f3n de Empresarios de El Sebadal y Vicepresidente del Consejo Econ\u00f3mico y Social de Canarias en representaci\u00f3n de las Organizaciones Empresariales. Vicente ha sido reconocido como Hijo Predilecto de la Ciudad de Las Palmas de Gran Canaria.<\/span><\/p>\n<p>[\/et_pb_text][\/et_pb_column][\/et_pb_row][et_pb_row column_structure=\u00bb2_5,3_5&#8243; _builder_version=\u00bb4.27.4&#8243; _module_preset=\u00bbdefault\u00bb global_colors_info=\u00bb{}\u00bb][et_pb_column type=\u00bb2_5&#8243; _builder_version=\u00bb4.27.4&#8243; _module_preset=\u00bbdefault\u00bb global_colors_info=\u00bb{}\u00bb][et_pb_text _builder_version=\u00bb4.27.4&#8243; _module_preset=\u00bbdefault\u00bb text_text_color=\u00bb#62B6F3&#8243; header_3_text_color=\u00bb#62B6F3&#8243; text_orientation=\u00bbright\u00bb global_colors_info=\u00bb{}\u00bb]<\/p>\n<h2>Ayoze Castro<\/h2>\n<h3><em>Coordination Support<\/em><\/h3>\n<h3><em><\/em><\/h3>\n<p>[\/et_pb_text][\/et_pb_column][et_pb_column type=\u00bb3_5&#8243; _builder_version=\u00bb4.27.4&#8243; _module_preset=\u00bbdefault\u00bb global_colors_info=\u00bb{}\u00bb][et_pb_text _builder_version=\u00bb4.27.4&#8243; _module_preset=\u00bbdefault\u00bb global_colors_info=\u00bb{}\u00bb]<\/p>\n<div style=\"text-align: justify;\">Doctor en Veterinaria, profesor e investigador en el Departamento de Morfolog\u00eda de la Universidad de Las Palmas de Gran Canaria, donde trabaja en el Instituto Universitario de Sanidad Animal y Seguridad Alimentaria (IUSA). Fue Director de Innovaci\u00f3n en la Plataforma Oce\u00e1nica de Canarias (PLOCAN) durante diez a\u00f1os y su investigaci\u00f3n se centra en la Patolog\u00eda Veterinaria de animales marinos y las Ciencias y Tecnolog\u00edas Marinas Aplicadas para el uso sostenible del espacio marino. Ha coordinado y participado en proyectos europeos dentro de los programas FP7, H2020 e INTERREG y posee amplia experiencia en la gesti\u00f3n de proyectos de investigaci\u00f3n e innovaci\u00f3n con certificaci\u00f3n internacional PRINCE2\u2122.<\/div>\n<p>[\/et_pb_text][\/et_pb_column][\/et_pb_row][et_pb_row column_structure=\u00bb2_5,3_5&#8243; _builder_version=\u00bb4.27.4&#8243; _module_preset=\u00bbdefault\u00bb global_colors_info=\u00bb{}\u00bb][et_pb_column type=\u00bb2_5&#8243; _builder_version=\u00bb4.27.4&#8243; _module_preset=\u00bbdefault\u00bb global_colors_info=\u00bb{}\u00bb][et_pb_text _builder_version=\u00bb4.27.4&#8243; _module_preset=\u00bbdefault\u00bb text_text_color=\u00bb#62B6F3&#8243; header_3_text_color=\u00bb#62B6F3&#8243; text_orientation=\u00bbright\u00bb global_colors_info=\u00bb{}\u00bb]<\/p>\n<h2>Eva Meyers<\/h2>\n<h3><em>Head of Science Unit<\/em><\/h3>\n<h3><\/h3>\n<p>[\/et_pb_text][\/et_pb_column][et_pb_column type=\u00bb3_5&#8243; _builder_version=\u00bb4.27.4&#8243; _module_preset=\u00bbdefault\u00bb global_colors_info=\u00bb{}\u00bb][et_pb_text _builder_version=\u00bb4.27.4&#8243; _module_preset=\u00bbdefault\u00bb global_colors_info=\u00bb{}\u00bb]<\/p>\n<p style=\"text-align: justify;\">Bi\u00f3loga marina con amplia experiencia como gestora de proyectos, investigadora y conocimientos fundados en conservaci\u00f3n internacional de la naturaleza y la biodiversidad, as\u00ed como en pol\u00edtica medioambiental. Mi objetivo principal es la creaci\u00f3n de puentes entre ciencia y pol\u00edtica para aportar soluciones a nivel gubernamental y comunitario.<\/p>\n<p>[\/et_pb_text][\/et_pb_column][\/et_pb_row][et_pb_row column_structure=\u00bb2_5,3_5&#8243; _builder_version=\u00bb4.27.4&#8243; _module_preset=\u00bbdefault\u00bb custom_margin=\u00bb-4px|auto||auto||\u00bb global_colors_info=\u00bb{}\u00bb][et_pb_column type=\u00bb2_5&#8243; _builder_version=\u00bb4.27.4&#8243; _module_preset=\u00bbdefault\u00bb global_colors_info=\u00bb{}\u00bb][et_pb_text _builder_version=\u00bb4.27.4&#8243; _module_preset=\u00bbdefault\u00bb text_text_color=\u00bb#62B6F3&#8243; header_3_text_color=\u00bb#62B6F3&#8243; text_orientation=\u00bbright\u00bb global_colors_info=\u00bb{}\u00bb]<\/p>\n<h2>Carlos Mallo<\/h2>\n<h3><span>Innoceana Founder &amp; CEO<\/span><\/h3>\n<h3><\/h3>\n<p>[\/et_pb_text][\/et_pb_column][et_pb_column type=\u00bb3_5&#8243; _builder_version=\u00bb4.27.4&#8243; _module_preset=\u00bbdefault\u00bb global_colors_info=\u00bb{}\u00bb][et_pb_text _builder_version=\u00bb4.27.4&#8243; _module_preset=\u00bbdefault\u00bb global_colors_info=\u00bb{}\u00bb custom_padding=\u00bb||0px|||\u00bb]<\/p>\n<p style=\"text-align: justify;\">Ingeniero de caminos y fundador de Innoceana, ONG internacional de conservaci\u00f3n marina con entidades en Espa\u00f1a, Costa Rica y Estados Unidos. Ganador del Premio Goldman de Medio Ambiente 2025 (categor\u00eda Oc\u00e9anos) por su trabajo por detener el Puerto de Fonsal\u00eda en Tenerife, impulsa Soluciones Basadas en la Naturaleza y la regeneraci\u00f3n de ecosistemas. Carlos es parte de el Comit\u00e9 de Expertos de MPA Canary Islands y lidera proyectos en la Macaronesia.<\/p>\n<p>[\/et_pb_text][\/et_pb_column][\/et_pb_row][et_pb_row column_structure=\u00bb2_5,3_5&#8243; _builder_version=\u00bb4.27.4&#8243; _module_preset=\u00bbdefault\u00bb global_colors_info=\u00bb{}\u00bb][et_pb_column type=\u00bb2_5&#8243; _builder_version=\u00bb4.27.4&#8243; _module_preset=\u00bbdefault\u00bb global_colors_info=\u00bb{}\u00bb][et_pb_text _builder_version=\u00bb4.27.4&#8243; _module_preset=\u00bbdefault\u00bb text_text_color=\u00bb#62B6F3&#8243; header_3_text_color=\u00bb#62B6F3&#8243; text_orientation=\u00bbright\u00bb global_colors_info=\u00bb{}\u00bb]<\/p>\n<h2>Claudia Iglesias Gonz\u00e1lez<\/h2>\n<h3><em>Project Manager<\/em><\/h3>\n<p>[\/et_pb_text][\/et_pb_column][et_pb_column type=\u00bb3_5&#8243; _builder_version=\u00bb4.27.4&#8243; _module_preset=\u00bbdefault\u00bb global_colors_info=\u00bb{}\u00bb][et_pb_text _builder_version=\u00bb4.27.4&#8243; _module_preset=\u00bbdefault\u00bb global_colors_info=\u00bb{}\u00bb custom_padding=\u00bb||0px|||\u00bb]<\/p>\n<p style=\"text-align: justify;\">Veterinaria y doctoranda en Sanidad Animal y Seguridad Alimentaria (ULPGC\u2013IUSA). Con atenci\u00f3n al detalle y vocaci\u00f3n de servicio, impulsa un flujo de trabajo \u00e1gil y transparente para que las decisiones del equipo se ejecuten sin fricciones. Apasionada del mar, aporta m\u00e9todo, empat\u00eda y constancia para que cada hito avance en tiempo y forma.<\/p>\n<p>[\/et_pb_text][\/et_pb_column][\/et_pb_row][et_pb_row column_structure=\u00bb2_5,3_5&#8243; _builder_version=\u00bb4.27.4&#8243; _module_preset=\u00bbdefault\u00bb global_colors_info=\u00bb{}\u00bb][et_pb_column type=\u00bb2_5&#8243; _builder_version=\u00bb4.27.4&#8243; _module_preset=\u00bbdefault\u00bb global_colors_info=\u00bb{}\u00bb][et_pb_text _builder_version=\u00bb4.27.4&#8243; _module_preset=\u00bbdefault\u00bb text_text_color=\u00bb#62B6F3&#8243; header_3_text_color=\u00bb#62B6F3&#8243; text_orientation=\u00bbright\u00bb global_colors_info=\u00bb{}\u00bb]<\/p>\n<h2>Karima G. L\u00f3pez\u00a0<\/h2>\n<h3><em>Senior Scientific Officer<\/em><\/h3>\n<p>[\/et_pb_text][\/et_pb_column][et_pb_column type=\u00bb3_5&#8243; _builder_version=\u00bb4.27.4&#8243; _module_preset=\u00bbdefault\u00bb global_colors_info=\u00bb{}\u00bb][et_pb_text _builder_version=\u00bb4.27.4&#8243; _module_preset=\u00bbdefault\u00bb hover_enabled=\u00bb0&#8243; global_colors_info=\u00bb{}\u00bb sticky_enabled=\u00bb0&#8243;]<\/p>\n<p style=\"text-align: justify;\"><span>Bi\u00f3loga especializada en conservaci\u00f3n de la biodiversidad y gesti\u00f3n de \u00e1reas protegidas marinas, doctoranda por la Universidad de La Laguna (ULL) con amplia experiencia en investigaci\u00f3n aplicada, gesti\u00f3n de la biodiversidad y uso sostenible de recursos marinos. A lo largo de su trayectoria ha trabajado en proyectos interdisciplinarios que integran ciencia, pol\u00edtica y gesti\u00f3n ambiental, contribuyendo a la planificaci\u00f3n, administraci\u00f3n y fortalecimiento de espacios naturales protegidos en contextos regionales e internacionales.<\/span><\/p>\n<p>[\/et_pb_text][\/et_pb_column][\/et_pb_row][\/et_pb_section]<\/p>\n","protected":false},"excerpt":{"rendered":"<p>Octavio Llin\u00e1s Coordinador General Doctor en Ciencias, con amplia experiencia en investigaci\u00f3n de la circulaci\u00f3n oce\u00e1nica, en formaci\u00f3n y sensibilizaci\u00f3n ambiental marina, acad\u00e9mica y general, en compatibilizaci\u00f3n sostenible de usos tradicionales y emergentes, en el medio marino y gesti\u00f3n de estrategias, instituciones y proyectos cient\u00edfico-t\u00e9cnicos en entornos p\u00fablicos y privados, nacionales e internacionalesVicente Marrero Head [&hellip;]<\/p>\n","protected":false},"author":1,"featured_media":239,"parent":128,"menu_order":0,"comment_status":"closed","ping_status":"closed","template":"","meta":{"_et_pb_use_builder":"on","_et_pb_old_content":"","_et_gb_content_width":"","footnotes":""},"class_list":["post-254","page","type-page","status-publish","has-post-thumbnail","hentry"],"_links":{"self":[{"href":"https:\/\/mpacanaryislands.org\/index.php?rest_route=\/wp\/v2\/pages\/254","targetHints":{"allow":["GET"]}}],"collection":[{"href":"https:\/\/mpacanaryislands.org\/index.php?rest_route=\/wp\/v2\/pages"}],"about":[{"href":"https:\/\/mpacanaryislands.org\/index.php?rest_route=\/wp\/v2\/types\/page"}],"author":[{"embeddable":true,"href":"https:\/\/mpacanaryislands.org\/index.php?rest_route=\/wp\/v2\/users\/1"}],"replies":[{"embeddable":true,"href":"https:\/\/mpacanaryislands.org\/index.php?rest_route=%2Fwp%2Fv2%2Fcomments&post=254"}],"version-history":[{"count":25,"href":"https:\/\/mpacanaryislands.org\/index.php?rest_route=\/wp\/v2\/pages\/254\/revisions"}],"predecessor-version":[{"id":1617,"href":"https:\/\/mpacanaryislands.org\/index.php?rest_route=\/wp\/v2\/pages\/254\/revisions\/1617"}],"up":[{"embeddable":true,"href":"https:\/\/mpacanaryislands.org\/index.php?rest_route=\/wp\/v2\/pages\/128"}],"wp:featuredmedia":[{"embeddable":true,"href":"https:\/\/mpacanaryislands.org\/index.php?rest_route=\/wp\/v2\/media\/239"}],"wp:attachment":[{"href":"https:\/\/mpacanaryislands.org\/index.php?rest_route=%2Fwp%2Fv2%2Fmedia&parent=254"}],"curies":[{"name":"wp","href":"https:\/\/api.w.org\/{rel}","templated":true}]}}