{"id":381,"date":"2025-01-23T17:49:58","date_gmt":"2025-01-23T17:49:58","guid":{"rendered":"https:\/\/mpacanaryislands.org\/?page_id=381"},"modified":"2025-02-20T09:07:10","modified_gmt":"2025-02-20T09:07:10","slug":"jornadas-2","status":"publish","type":"page","link":"https:\/\/mpacanaryislands.org\/?page_id=381","title":{"rendered":"Jornadas"},"content":{"rendered":"<p>[et_pb_section fb_built=\u00bb1&#8243; _builder_version=\u00bb4.27.4&#8243; _module_preset=\u00bbdefault\u00bb global_colors_info=\u00bb{}\u00bb][et_pb_row _builder_version=\u00bb4.27.4&#8243; _module_preset=\u00bbdefault\u00bb global_colors_info=\u00bb{}\u00bb][et_pb_column type=\u00bb4_4&#8243; _builder_version=\u00bb4.27.4&#8243; _module_preset=\u00bbdefault\u00bb global_colors_info=\u00bb{}\u00bb][et_pb_heading title=\u00bb@ET-DC@eyJkeW5hbWljIjp0cnVlLCJjb250ZW50IjoicG9zdF90aXRsZSIsInNldHRpbmdzIjp7ImJlZm9yZSI6IiIsImFmdGVyIjoiIn19@\u00bb _builder_version=\u00bb4.27.4&#8243; _dynamic_attributes=\u00bbtitle\u00bb _module_preset=\u00bbdefault\u00bb global_colors_info=\u00bb{}\u00bb][\/et_pb_heading][et_pb_text _builder_version=\u00bb4.27.4&#8243; _module_preset=\u00bbdefault\u00bb global_colors_info=\u00bb{}\u00bb]<\/p>\n<h1 class=\"TextWrapper-sc-__sc-1f8vz90-0 eEZvOR\" style=\"text-align: center;\"><strong>\u00c1reas Marinas Protegidas en el<\/strong><br \/><strong> Atl\u00e1ntico Centro Oriental<\/strong><\/h1>\n<h1 class=\"TextWrapper-sc-__sc-1f8vz90-0 eEZvOR\" style=\"text-align: center;\">An\u00e1lisis y Perspectivas<\/h1>\n<p>[\/et_pb_text][\/et_pb_column][\/et_pb_row][et_pb_row column_structure=\u00bb1_2,1_2&#8243; _builder_version=\u00bb4.27.4&#8243; _module_preset=\u00bbdefault\u00bb global_colors_info=\u00bb{}\u00bb][et_pb_column type=\u00bb1_2&#8243; _builder_version=\u00bb4.27.4&#8243; _module_preset=\u00bbdefault\u00bb global_colors_info=\u00bb{}\u00bb][et_pb_image src=\u00bbhttps:\/\/mpacanaryislands.org\/wp-content\/uploads\/2025\/01\/SACHA-LOBENSTEIN-20181223-1042-0094.jpg\u00bb title_text=\u00bbSACHA-LOBENSTEIN-20181223-1042 (0094)\u00bb _builder_version=\u00bb4.27.4&#8243; _module_preset=\u00bbd6cd8e15-c2fb-4ec7-aa67-fdebe8e0a6c2&#8243; global_colors_info=\u00bb{}\u00bb][\/et_pb_image][et_pb_text _builder_version=\u00bb4.27.4&#8243; _module_preset=\u00bbdefault\u00bb global_colors_info=\u00bb{}\u00bb]<\/p>\n<div class=\"gmail-ListContainerWrapper gmail-SCXW79712372 gmail-BCX0\">\n<ul class=\"gmail-BulletListStyle1 gmail-SCXW79712372 gmail-BCX0\" role=\"list\">\n<li role=\"listitem\" class=\"gmail-OutlineElement gmail-Ltr gmail-SCXW79712372 gmail-BCX0\">\n<h3 class=\"gmail-Paragraph gmail-SCXW79712372 gmail-BCX0\" lang=\"ES-ES\"><span lang=\"ES-ES\" class=\"gmail-TextRun gmail-MacChromeBold gmail-SCXW79712372 gmail-BCX0\"><span class=\"gmail-NormalTextRun gmail-SCXW79712372 gmail-BCX0\">Fecha:<\/span><\/span><span lang=\"ES-ES\" class=\"gmail-TextRun gmail-SCXW79712372 gmail-BCX0\"><span class=\"gmail-NormalTextRun gmail-SCXW79712372 gmail-BCX0\"> <\/span><\/span><span class=\"gmail-TabRun gmail-IPSelectionBlob gmail-BlobObject gmail-DragDrop gmail-SCXW79712372 gmail-BCX0\"><span class=\"gmail-TabChar gmail-SCXW79712372 gmail-BCX0\"><\/span><span class=\"gmail-TabLeaderChars gmail-SCXW79712372 gmail-BCX0\" aria-hidden=\"true\"><\/span><\/span><span lang=\"ES-ES\" class=\"gmail-TextRun gmail-EmptyTextRun gmail-SCXW79712372 gmail-BCX0\"><\/span><span class=\"gmail-TabRun gmail-IPSelectionBlob gmail-BlobObject gmail-DragDrop gmail-SCXW79712372 gmail-BCX0\"><span class=\"gmail-TabChar gmail-SCXW79712372 gmail-BCX0\"><\/span><span class=\"gmail-TabLeaderChars gmail-SCXW79712372 gmail-BCX0\" aria-hidden=\"true\"><\/span><\/span><span lang=\"ES-ES\" class=\"gmail-TextRun gmail-EmptyTextRun gmail-SCXW79712372 gmail-BCX0\"><\/span><span class=\"gmail-TabRun gmail-IPSelectionBlob gmail-BlobObject gmail-DragDrop gmail-SCXW79712372 gmail-BCX0\"><span class=\"gmail-TabChar gmail-SCXW79712372 gmail-BCX0\"><\/span><span class=\"gmail-TabLeaderChars gmail-SCXW79712372 gmail-BCX0\" aria-hidden=\"true\"><\/span><\/span><span lang=\"ES-ES\" class=\"gmail-TextRun gmail-EmptyTextRun gmail-SCXW79712372 gmail-BCX0\"><\/span><span class=\"gmail-TabRun gmail-IPSelectionBlob gmail-BlobObject gmail-DragDrop gmail-SCXW79712372 gmail-BCX0\"><span class=\"gmail-TabChar gmail-SCXW79712372 gmail-BCX0\"><\/span><span class=\"gmail-TabLeaderChars gmail-SCXW79712372 gmail-BCX0\" aria-hidden=\"true\"><\/span><\/span><em><span lang=\"ES-ES\" class=\"gmail-TextRun gmail-SCXW79712372 gmail-BCX0\"><span class=\"gmail-NormalTextRun gmail-SCXW79712372 gmail-BCX0\">22 y 23 de mayo<\/span><\/span><\/em><\/h3>\n<\/li>\n<li role=\"listitem\" class=\"gmail-OutlineElement gmail-Ltr gmail-SCXW79712372 gmail-BCX0\">\n<h3 class=\"gmail-Paragraph gmail-SCXW79712372 gmail-BCX0\" lang=\"ES-ES\"><span lang=\"ES-ES\" class=\"gmail-TextRun gmail-SCXW79712372 gmail-BCX0\"><span class=\"gmail-NormalTextRun gmail-SCXW79712372 gmail-BCX0\"><\/span><\/span><span lang=\"ES-ES\" class=\"gmail-TextRun gmail-MacChromeBold gmail-SCXW79712372 gmail-BCX0\"><span class=\"gmail-NormalTextRun gmail-SCXW79712372 gmail-BCX0\">Lugar:<\/span><\/span><span lang=\"ES-ES\" class=\"gmail-TextRun gmail-SCXW79712372 gmail-BCX0\"><span class=\"gmail-NormalTextRun gmail-SCXW79712372 gmail-BCX0\"> <\/span><\/span><span class=\"gmail-TabRun gmail-IPSelectionBlob gmail-BlobObject gmail-DragDrop gmail-SCXW79712372 gmail-BCX0\"><span class=\"gmail-TabChar gmail-SCXW79712372 gmail-BCX0\"><\/span><span class=\"gmail-TabLeaderChars gmail-SCXW79712372 gmail-BCX0\" aria-hidden=\"true\"><\/span><\/span><span lang=\"ES-ES\" class=\"gmail-TextRun gmail-EmptyTextRun gmail-SCXW79712372 gmail-BCX0\"><\/span><span class=\"gmail-TabRun gmail-IPSelectionBlob gmail-BlobObject gmail-DragDrop gmail-SCXW79712372 gmail-BCX0\"><span class=\"gmail-TabChar gmail-SCXW79712372 gmail-BCX0\"><\/span><span class=\"gmail-TabLeaderChars gmail-SCXW79712372 gmail-BCX0\" aria-hidden=\"true\"><\/span><\/span><span lang=\"ES-ES\" class=\"gmail-TextRun gmail-EmptyTextRun gmail-SCXW79712372 gmail-BCX0\"><\/span><span class=\"gmail-TabRun gmail-IPSelectionBlob gmail-BlobObject gmail-DragDrop gmail-SCXW79712372 gmail-BCX0\"><span class=\"gmail-TabChar gmail-SCXW79712372 gmail-BCX0\"><\/span><span class=\"gmail-TabLeaderChars gmail-SCXW79712372 gmail-BCX0\" aria-hidden=\"true\"><\/span><\/span><span lang=\"ES-ES\" class=\"gmail-TextRun gmail-EmptyTextRun gmail-SCXW79712372 gmail-BCX0\"><\/span><span class=\"gmail-TabRun gmail-IPSelectionBlob gmail-BlobObject gmail-DragDrop gmail-SCXW79712372 gmail-BCX0\"><span class=\"gmail-TabChar gmail-SCXW79712372 gmail-BCX0\"><\/span><span class=\"gmail-TabLeaderChars gmail-SCXW79712372 gmail-BCX0\" aria-hidden=\"true\"><\/span><\/span><em><span lang=\"ES-ES\" class=\"gmail-TextRun gmail-SCXW79712372 gmail-BCX0\"><span class=\"gmail-NormalTextRun gmail-SCXW79712372 gmail-BCX0\">Las Palmas de Gran<\/span><span class=\"gmail-NormalTextRun gmail-SCXW79712372 gmail-BCX0\"> Canaria<\/span><\/span><\/em><\/h3>\n<\/li>\n<li role=\"listitem\" class=\"gmail-OutlineElement gmail-Ltr gmail-SCXW79712372 gmail-BCX0\">\n<h3 class=\"gmail-Paragraph gmail-SCXW79712372 gmail-BCX0\" lang=\"ES-ES\"><span lang=\"ES-ES\" class=\"gmail-TextRun gmail-MacChromeBold gmail-SCXW79712372 gmail-BCX0\" style=\"font-size: 24px;\"><span class=\"gmail-NormalTextRun gmail-SCXW79712372 gmail-BCX0\">Fecha l\u00edmite de confirmaci\u00f3n:<br \/><\/span><\/span><em><span lang=\"ES-ES\" class=\"gmail-TextRun gmail-SCXW79712372 gmail-BCX0\" style=\"font-size: 24px;\"><span class=\"gmail-NormalTextRun gmail-SCXW79712372 gmail-BCX0\">Hasta completar aforo<\/span><\/span><\/em><\/h3>\n<\/li>\n<\/ul>\n<\/div>\n<p>[\/et_pb_text][et_pb_button button_url=\u00bbhttps:\/\/as35yg0corv.typeform.com\/to\/HKej0umu\u00bb url_new_window=\u00bbon\u00bb button_text=\u00bbFormulario de Inscripci\u00f3n\u00bb _builder_version=\u00bb4.27.4&#8243; _module_preset=\u00bbdefault\u00bb global_colors_info=\u00bb{}\u00bb][\/et_pb_button][\/et_pb_column][et_pb_column type=\u00bb1_2&#8243; _builder_version=\u00bb4.27.4&#8243; _module_preset=\u00bbdefault\u00bb global_colors_info=\u00bb{}\u00bb][et_pb_text _builder_version=\u00bb4.27.4&#8243; _module_preset=\u00bbdefault\u00bb global_colors_info=\u00bb{}\u00bb]<\/p>\n<h2 class=\"wp-block-heading has-large-font-size\"><strong>Descripci\u00f3n<\/strong><\/h2>\n<p>El creciente aprovechamiento de los recursos marinos y el uso del espacio oce\u00e1nico para actividades tradicionales y emergentes plantean un desaf\u00edo global. Para garantizar la compatibilidad entre el desarrollo humano y la conservaci\u00f3n de los ecosistemas marinos, es fundamental aprender de los errores en la gesti\u00f3n terrestre e implementar buenas pr\u00e1cticas en el \u00e1mbito marino.<\/p>\n<p>A nivel internacional, europeo y nacional, ya existen estrategias clave que establecen objetivos y metodolog\u00edas para lograr este equilibrio. Sin embargo, la mayor dificultad radica en la aplicaci\u00f3n concreta de medidas y recursos, as\u00ed como en la generaci\u00f3n de un compromiso social sostenido, especialmente por parte de las comunidades locales.<\/p>\n<p>En este contexto, el proyecto\u00a0<strong>\u00abMPAs Canary Islands\u00bb<\/strong>\u00a0se consolida como una iniciativa clave para fortalecer las AMP en Canarias, promoviendo su gesti\u00f3n efectiva y la creaci\u00f3n de nuevas \u00e1reas protegidas. Esta iniciativa, respaldada por\u00a0<strong>Oceans 5<\/strong>, busca contribuir a la meta global de proteger el\u00a0<strong>30% de los oc\u00e9anos para 2030<\/strong>, con un\u00a0<strong>10% de protecci\u00f3n estricta<\/strong>.<\/p>\n<p>El proyecto fomenta la cooperaci\u00f3n entre sociedad, instituciones y \u00f3rganos pol\u00edtico-administrativos para desarrollar estrategias locales efectivas con impacto global. La conexi\u00f3n de Canarias con los espacios marinos del\u00a0<strong>Atl\u00e1ntico Centro Oriental <\/strong>es fundamental, ya que esta regi\u00f3n combina procesos naturales \u00fanicos con distintas aproximaciones de conservaci\u00f3n.<\/p>\n<p>&nbsp;<\/p>\n<h2 class=\"wp-block-heading has-large-font-size\"><strong>Objetivos<\/strong><\/h2>\n<ul class=\"wp-block-list\">\n<li>Analizar la situaci\u00f3n actual de las \u00c1reas Marinas Protegidas en el Atl\u00e1ntico Centro Oriental.<\/li>\n<li>Explorar oportunidades y retos en su gesti\u00f3n.<\/li>\n<li>Facilitar el intercambio de conocimientos entre actores clave.<\/li>\n<li>Identificar perspectivas y definir el papel de las AMP en la conservaci\u00f3n y manejo sostenible de los ecosistemas marinos.<\/li>\n<\/ul>\n<h2 class=\"wp-block-heading has-large-font-size\"><strong>Estructura del Encuentro<\/strong><\/h2>\n<p>Las jornadas se estructuran en\u00a0<strong>cuatro bloques tem\u00e1ticos<\/strong>:<\/p>\n<ul class=\"wp-block-list\">\n<li><strong>Bloque 1:<\/strong>\u00a0Situaci\u00f3n de las AMP \u2013 Retos y Oportunidades<\/li>\n<li><strong>Bloque 2:<\/strong>\u00a0Gesti\u00f3n de las AMP<\/li>\n<li><strong>Bloque 3:<\/strong>\u00a0Interacciones Sociales y Percepciones<\/li>\n<li><strong>Bloque 4:<\/strong>\u00a0L\u00edneas de financiaci\u00f3n y valorizaci\u00f3n de las AMP<\/li>\n<\/ul>\n<p>Este evento se presenta como un espacio de reflexi\u00f3n y acci\u00f3n, promoviendo un modelo de referencia replicable en otras regiones y alineado con los objetivos globales de conservaci\u00f3n marina.<\/p>\n<p>[\/et_pb_text][\/et_pb_column][\/et_pb_row][et_pb_row _builder_version=\u00bb4.27.4&#8243; _module_preset=\u00bbdefault\u00bb global_colors_info=\u00bb{}\u00bb][et_pb_column type=\u00bb4_4&#8243; _builder_version=\u00bb4.27.4&#8243; _module_preset=\u00bbdefault\u00bb global_colors_info=\u00bb{}\u00bb][et_pb_blog fullwidth=\u00bboff\u00bb include_categories=\u00bb6&#8243; disabled_on=\u00bbon|on|on\u00bb _builder_version=\u00bb4.27.4&#8243; _module_preset=\u00bbdefault\u00bb disabled=\u00bbon\u00bb global_colors_info=\u00bb{}\u00bb][\/et_pb_blog][\/et_pb_column][\/et_pb_row][\/et_pb_section]<\/p>\n","protected":false},"excerpt":{"rendered":"<p>\u00c1reas Marinas Protegidas en el Atl\u00e1ntico Centro Oriental An\u00e1lisis y Perspectivas Fecha: 22 y 23 de mayo Lugar: Las Palmas de Gran Canaria Fecha l\u00edmite de confirmaci\u00f3n:Hasta completar aforo Descripci\u00f3n El creciente aprovechamiento de los recursos marinos y el uso del espacio oce\u00e1nico para actividades tradicionales y emergentes plantean un desaf\u00edo global. Para garantizar la [&hellip;]<\/p>\n","protected":false},"author":1,"featured_media":227,"parent":0,"menu_order":0,"comment_status":"closed","ping_status":"closed","template":"","meta":{"_et_pb_use_builder":"on","_et_pb_old_content":"","_et_gb_content_width":"","footnotes":""},"class_list":["post-381","page","type-page","status-publish","has-post-thumbnail","hentry"],"_links":{"self":[{"href":"https:\/\/mpacanaryislands.org\/index.php?rest_route=\/wp\/v2\/pages\/381","targetHints":{"allow":["GET"]}}],"collection":[{"href":"https:\/\/mpacanaryislands.org\/index.php?rest_route=\/wp\/v2\/pages"}],"about":[{"href":"https:\/\/mpacanaryislands.org\/index.php?rest_route=\/wp\/v2\/types\/page"}],"author":[{"embeddable":true,"href":"https:\/\/mpacanaryislands.org\/index.php?rest_route=\/wp\/v2\/users\/1"}],"replies":[{"embeddable":true,"href":"https:\/\/mpacanaryislands.org\/index.php?rest_route=%2Fwp%2Fv2%2Fcomments&post=381"}],"version-history":[{"count":6,"href":"https:\/\/mpacanaryislands.org\/index.php?rest_route=\/wp\/v2\/pages\/381\/revisions"}],"predecessor-version":[{"id":496,"href":"https:\/\/mpacanaryislands.org\/index.php?rest_route=\/wp\/v2\/pages\/381\/revisions\/496"}],"wp:featuredmedia":[{"embeddable":true,"href":"https:\/\/mpacanaryislands.org\/index.php?rest_route=\/wp\/v2\/media\/227"}],"wp:attachment":[{"href":"https:\/\/mpacanaryislands.org\/index.php?rest_route=%2Fwp%2Fv2%2Fmedia&parent=381"}],"curies":[{"name":"wp","href":"https:\/\/api.w.org\/{rel}","templated":true}]}}