{"id":69,"date":"2024-12-19T13:26:49","date_gmt":"2024-12-19T13:26:49","guid":{"rendered":"https:\/\/mpacanaryislands.org\/?page_id=69"},"modified":"2025-01-21T09:15:22","modified_gmt":"2025-01-21T09:15:22","slug":"marca-grafica","status":"publish","type":"page","link":"https:\/\/mpacanaryislands.org\/?page_id=69","title":{"rendered":"Marca gr\u00e1fica"},"content":{"rendered":"<p>[et_pb_section fb_built=\u00bb1&#8243; _builder_version=\u00bb4.27.4&#8243; _module_preset=\u00bbdefault\u00bb global_colors_info=\u00bb{}\u00bb][et_pb_row _builder_version=\u00bb4.27.4&#8243; _module_preset=\u00bbdefault\u00bb global_colors_info=\u00bb{}\u00bb][et_pb_column type=\u00bb4_4&#8243; _builder_version=\u00bb4.27.4&#8243; _module_preset=\u00bbdefault\u00bb global_colors_info=\u00bb{}\u00bb][et_pb_image src=\u00bbhttps:\/\/mpacanaryislands.org\/wp-content\/uploads\/2024\/12\/Color-CLogo-MPAs-.png\u00bb title_text=\u00bbColor CLogo MPAs\u00bb align=\u00bbcenter\u00bb _builder_version=\u00bb4.27.4&#8243; _module_preset=\u00bbdefault\u00bb width=\u00bb30%\u00bb global_colors_info=\u00bb{}\u00bb][\/et_pb_image][\/et_pb_column][\/et_pb_row][\/et_pb_section][et_pb_section fb_built=\u00bb1&#8243; _builder_version=\u00bb4.27.4&#8243; _module_preset=\u00bbdefault\u00bb global_colors_info=\u00bb{}\u00bb][et_pb_row _builder_version=\u00bb4.27.4&#8243; _module_preset=\u00bbdefault\u00bb global_colors_info=\u00bb{}\u00bb][et_pb_column type=\u00bb4_4&#8243; _builder_version=\u00bb4.27.4&#8243; _module_preset=\u00bbdefault\u00bb global_colors_info=\u00bb{}\u00bb][et_pb_text _builder_version=\u00bb4.27.4&#8243; _module_preset=\u00bb4dddef23-8254-4b9f-b8ff-6279592a916b\u00bb global_colors_info=\u00bb{}\u00bb]<\/p>\n<h1>Manual de Identificaci\u00f3n B\u00e1sica<\/h1>\n<p>Docu\u00admento en for\u00admato<b>\u00a0<span class=\"caps\">PDF<\/span><\/b>\u00a0(sigla\u00a0del\u00a0ingl\u00e9s\u00a0<i>Por\u00adta\u00adble Docu\u00adment For\u00admat<\/i>, \u201cfor\u00admato de docu\u00admento por\u00adt\u00e1\u00adtil\u201d), un\u00a0for\u00admato de alma\u00adce\u00adna\u00admiento\u00a0para docu\u00admen\u00adtos digi\u00adta\u00adles inde\u00adpen\u00addiente de pla\u00adta\u00adfor\u00admas de\u00a0soft\u00adware\u00a0o\u00a0hard\u00adware. Es un \u00a0for\u00admato es de tipo com\u00adpuesto (ima\u00adgen vec\u00adto\u00adrial,\u00a0mapa de bits\u00a0y\u00a0texto) y es ideal para el inter\u00adcam\u00adbio de archi\u00advos gr\u00e1\u00adfi\u00adcos de \u201cAlta Cali\u00addad\u201d para artes gr\u00e1ficas.<\/p>\n<p><a href=\"https:\/\/mpacanaryislands.org\/wp-content\/uploads\/2024\/12\/Manual-Marca-Grafica-MPAs-Canary-Islands.pdf\">Manual de construcci\u00f3n y normas b\u00e1sicas de uso<\/a><\/p>\n<p>[\/et_pb_text][et_pb_image src=\u00bbhttps:\/\/mpacanaryislands.org\/wp-content\/uploads\/2024\/12\/Manual-Marca-Grafica-MPAs-Canary-Islands-1.jpg\u00bb title_text=\u00bbManual-Marca-Gr\u00e1fica-MPAs-Canary-Islands-1&#8243; url=\u00bbhttps:\/\/mpacanaryislands.org\/wp-content\/uploads\/2024\/12\/Manual-Marca-Grafica-MPAs-Canary-Islands.pdf\u00bb url_new_window=\u00bbon\u00bb use_overlay=\u00bbon\u00bb hover_icon=\u00bb&#xe092;||divi||400&#8243; align=\u00bbcenter\u00bb _builder_version=\u00bb4.27.4&#8243; _module_preset=\u00bbdefault\u00bb width=\u00bb40%\u00bb border_radii=\u00bbon|24px|24px|24px|24px\u00bb box_shadow_style=\u00bbpreset3&#8243; global_colors_info=\u00bb{}\u00bb][\/et_pb_image][et_pb_text _builder_version=\u00bb4.27.4&#8243; _module_preset=\u00bb4dddef23-8254-4b9f-b8ff-6279592a916b\u00bb global_colors_info=\u00bb{}\u00bb]<\/p>\n<h1>Recursos gr\u00e1ficos en PNG<\/h1>\n<p><i><b><span class=\"caps\">PNG<\/span><\/b><\/i>\u00a0(siglas en ingl\u00e9s de\u00a0<i>Gr\u00e1\u00adfi\u00adcos de Red Por\u00adt\u00e1\u00adti\u00adles<\/i>) es un\u00a0for\u00admato gr\u00e1\u00adfico\u00a0basado en un\u00a0algo\u00adritmo de com\u00adpre\u00adsi\u00f3n sin p\u00e9r\u00addida\u00a0para\u00a0bit\u00admaps. Este for\u00admato per\u00admite alma\u00adce\u00adnar im\u00e1\u00adge\u00adnes con una mayor pro\u00adfun\u00addi\u00addad de color, con\u00adtraste y otros impor\u00adtan\u00adtes datos.\u00a0<span class=\"caps\">PNG<\/span>\u00a0ofrece una gran varie\u00addad de opcio\u00adnes de trans\u00adpa\u00adren\u00adcia y es amplia\u00admente empleado para apli\u00adca\u00adcio\u00adnes de ofi\u00adm\u00e1\u00adtica y\u00a0<span class=\"caps\">WEB<\/span>.<\/p>\n<p><em>Selec\u00adcione el fichero que desee y cuando apa\u00adrezca ampliado uti\u00adlice el bot\u00f3n dere\u00adcho de su rat\u00f3n para\u00a0des\u00adcar\u00adgarlo\u00a0en su ordenador.<\/em><\/p>\n<p>[\/et_pb_text][et_pb_gallery gallery_ids=\u00bb75,76,77,78,79,80,81,82,83,84,85,86,87,88,89,90,91,92,93,94,95,96,97,98&#8243; posts_number=\u00bb32&#8243; _builder_version=\u00bb4.27.4&#8243; _module_preset=\u00bbc00ff4f4-f136-4bd5-b707-7aaad99b68fb\u00bb global_colors_info=\u00bb{}\u00bb][\/et_pb_gallery][et_pb_text _builder_version=\u00bb4.27.4&#8243; _module_preset=\u00bb4dddef23-8254-4b9f-b8ff-6279592a916b\u00bb global_colors_info=\u00bb{}\u00bb]<\/p>\n<h1>Recursos gr\u00e1ficos en JPEG<\/h1>\n<p>El for\u00admato\u00a0<strong><span class=\"caps\">JPEG<\/span><\/strong>\u00a0uti\u00adliza un\u00a0algo\u00adritmo de com\u00adpre\u00adsi\u00f3n con p\u00e9r\u00addida\u00a0para redu\u00adcir el tama\u00f1o de los\u00a0archi\u00advos\u00a0de im\u00e1\u00adge\u00adnes, esto sig\u00adni\u00adfica que al abrir\u00a0la ima\u00adgen no se obtiene exac\u00adta\u00admente la misma ima\u00adgen de la que se par\u00adt\u00eda antes de la\u00a0com\u00adpre\u00adsi\u00f3n.\u00a0Es el for\u00admato de ima\u00adgen m\u00e1s com\u00fan, uti\u00adli\u00adzado en apli\u00adca\u00adcio\u00adnes de ofi\u00adm\u00e1\u00adtica y por las\u00a0c\u00e1ma\u00adras foto\u00adgr\u00e1\u00adfi\u00adcas digi\u00adta\u00adles\u00a0y otros dis\u00adpo\u00adsi\u00adti\u00advos de cap\u00adtura de ima\u00adgen\u00a0y para la trans\u00admi\u00adsi\u00f3n de im\u00e1\u00adge\u00adnes foto\u00adgr\u00e1\u00adfi\u00adcas en la\u00a0<em>World Wide Web<\/em>. Los archi\u00advos de este tipo se sue\u00adlen nom\u00adbrar con la\u00a0exten\u00adsi\u00f3n\u00a0<code>.jpg<\/code>.<\/p>\n<p><em>Selec\u00adcione el fichero que desee y cuando apa\u00adrezca ampliado uti\u00adlice el bot\u00f3n dere\u00adcho de su rat\u00f3n para\u00a0des\u00adcar\u00adgarlo\u00a0en su ordenador.<\/em><\/p>\n<p>[\/et_pb_text][et_pb_gallery gallery_ids=\u00bb99,100,101,102,103,104,105,106,107,108,109,110,111,112,113,114,115,116,117,118,119,120&#8243; posts_number=\u00bb32&#8243; _builder_version=\u00bb4.27.4&#8243; _module_preset=\u00bbc00ff4f4-f136-4bd5-b707-7aaad99b68fb\u00bb global_colors_info=\u00bb{}\u00bb][\/et_pb_gallery][et_pb_text _builder_version=\u00bb4.27.4&#8243; _module_preset=\u00bb4dddef23-8254-4b9f-b8ff-6279592a916b\u00bb global_colors_info=\u00bb{}\u00bb]<\/p>\n<h1>Recursos gr\u00e1ficos en PDF<\/h1>\n<p>Docu\u00admento en for\u00admato<b>\u00a0<span class=\"caps\">PDF<\/span><\/b>\u00a0(sigla\u00a0del\u00a0ingl\u00e9s\u00a0<i>Por\u00adta\u00adble Docu\u00adment For\u00admat<\/i>, \u201cfor\u00admato de docu\u00admento por\u00adt\u00e1\u00adtil\u201d), un\u00a0for\u00admato de alma\u00adce\u00adna\u00admiento\u00a0para docu\u00admen\u00adtos digi\u00adta\u00adles inde\u00adpen\u00addiente de pla\u00adta\u00adfor\u00admas de\u00a0soft\u00adware\u00a0o\u00a0hard\u00adware. Es un \u00a0for\u00admato es de tipo com\u00adpuesto (ima\u00adgen vec\u00adto\u00adrial,\u00a0mapa de bits\u00a0y\u00a0texto) y es ideal para el inter\u00adcam\u00adbio de archi\u00advos gr\u00e1\u00adfi\u00adcos de \u201cAlta Cali\u00addad\u201d para artes gr\u00e1ficas.\u00bb<\/p>\n<p><a href=\"https:\/\/mpacanaryislands.org\/wp-content\/uploads\/2024\/12\/Logo-MPAs-PDF.zip\">Versiones Autorizadas en PDF<\/a><\/p>\n<p>[\/et_pb_text][\/et_pb_column][\/et_pb_row][\/et_pb_section]<\/p>\n","protected":false},"excerpt":{"rendered":"<p>Manual de Identificaci\u00f3n B\u00e1sica Docu\u00admento en for\u00admato\u00a0PDF\u00a0(sigla\u00a0del\u00a0ingl\u00e9s\u00a0Por\u00adta\u00adble Docu\u00adment For\u00admat, \u201cfor\u00admato de docu\u00admento por\u00adt\u00e1\u00adtil\u201d), un\u00a0for\u00admato de alma\u00adce\u00adna\u00admiento\u00a0para docu\u00admen\u00adtos digi\u00adta\u00adles inde\u00adpen\u00addiente de pla\u00adta\u00adfor\u00admas de\u00a0soft\u00adware\u00a0o\u00a0hard\u00adware. Es un \u00a0for\u00admato es de tipo com\u00adpuesto (ima\u00adgen vec\u00adto\u00adrial,\u00a0mapa de bits\u00a0y\u00a0texto) y es ideal para el inter\u00adcam\u00adbio de archi\u00advos gr\u00e1\u00adfi\u00adcos de \u201cAlta Cali\u00addad\u201d para artes gr\u00e1ficas. Manual de construcci\u00f3n y normas b\u00e1sicas de [&hellip;]<\/p>\n","protected":false},"author":1,"featured_media":203,"parent":66,"menu_order":0,"comment_status":"closed","ping_status":"closed","template":"","meta":{"_et_pb_use_builder":"on","_et_pb_old_content":"","_et_gb_content_width":"","footnotes":""},"class_list":["post-69","page","type-page","status-publish","has-post-thumbnail","hentry"],"_links":{"self":[{"href":"https:\/\/mpacanaryislands.org\/index.php?rest_route=\/wp\/v2\/pages\/69","targetHints":{"allow":["GET"]}}],"collection":[{"href":"https:\/\/mpacanaryislands.org\/index.php?rest_route=\/wp\/v2\/pages"}],"about":[{"href":"https:\/\/mpacanaryislands.org\/index.php?rest_route=\/wp\/v2\/types\/page"}],"author":[{"embeddable":true,"href":"https:\/\/mpacanaryislands.org\/index.php?rest_route=\/wp\/v2\/users\/1"}],"replies":[{"embeddable":true,"href":"https:\/\/mpacanaryislands.org\/index.php?rest_route=%2Fwp%2Fv2%2Fcomments&post=69"}],"version-history":[{"count":5,"href":"https:\/\/mpacanaryislands.org\/index.php?rest_route=\/wp\/v2\/pages\/69\/revisions"}],"predecessor-version":[{"id":353,"href":"https:\/\/mpacanaryislands.org\/index.php?rest_route=\/wp\/v2\/pages\/69\/revisions\/353"}],"up":[{"embeddable":true,"href":"https:\/\/mpacanaryislands.org\/index.php?rest_route=\/wp\/v2\/pages\/66"}],"wp:featuredmedia":[{"embeddable":true,"href":"https:\/\/mpacanaryislands.org\/index.php?rest_route=\/wp\/v2\/media\/203"}],"wp:attachment":[{"href":"https:\/\/mpacanaryislands.org\/index.php?rest_route=%2Fwp%2Fv2%2Fmedia&parent=69"}],"curies":[{"name":"wp","href":"https:\/\/api.w.org\/{rel}","templated":true}]}}